{"id":71,"date":"2013-02-14T14:43:57","date_gmt":"2013-02-14T14:43:57","guid":{"rendered":"http:\/\/vicentevaleromontanejos.com\/wp\/?page_id=71"},"modified":"2020-05-30T12:18:48","modified_gmt":"2020-05-30T10:18:48","slug":"electrodomesticos","status":"publish","type":"page","link":"http:\/\/vicentevaleromontanejos.com\/wp\/electrodomesticos\/","title":{"rendered":"Electrodom\u00e9sticos"},"content":{"rendered":"<p style=\"text-align: center;\"><img loading=\"lazy\" class=\"aligncenter size-large\" src=\"https:\/\/live.staticflickr.com\/65535\/49951776787_d409936ca5_o_d.jpg\" width=\"400\" height=\"510\" \/><\/p>\n<map id=\"_Portada-Electrodomesticos\" name=\"Portada-Electrodomesticos\">\n<area title=\"SIEMENS\" alt=\"SIEMENS\" coords=\"29,407,81,416\" shape=\"RECT\" href=\"http:\/\/www.siemens-home.es\/descubre-siemens\/descargar-catalogos\" \/>\n<area title=\"BOSCH\" alt=\"BOSCH\" coords=\"160,401,233,419\" shape=\"RECT\" href=\"http:\/\/www.bosch-home.es\/electrodomesticos.html\" \/>\n<area title=\"BALAY\" alt=\"BALAY\" coords=\"305,394,377,422\" shape=\"RECT\" href=\"http:\/\/www.balay.es\/catalogo-balay.html\" \/>\n<area title=\"FAGOR\" alt=\"FAGOR\" coords=\"86,443,156,466\" shape=\"RECT\" href=\"http:\/\/www.fagor.com\/web\/es\/home\" \/>\n<area title=\"EDESA\" alt=\"EDESA\" coords=\"234,442,308,462\" shape=\"RECT\" href=\"http:\/\/www.edesa.com\/Productos\/Colecciones\/es_ES\/\" \/>\n<area title=\"ROMMER\" alt=\"ROMMER\" coords=\"167,474,230,491\" shape=\"RECT\" href=\"HTTP:\/\/WWW.ROMMER.ES\" \/>\n <\/map>\n<p>&#8211;\u00a0<span style=\"font-family: arial, helvetica, sans-serif; font-size: 14pt;\">Ponemos a disposici\u00f3n de nuestros clientes un gran abanico de primeras marcas a los mejores precios y con la atenci\u00f3n m\u00e1s personalizada. En cualquier caso nos adaptamos a los deseos de nuestros clientes. Si te gusta otra marca o has visto un modelo concreto, no dudes en <a href=\"http:\/\/vicentevaleromontanejos.com\/wp\/?page_id=34\" target=\"_blank\" rel=\"noopener noreferrer\">preguntarnos<\/a>\u00a0por \u00e9l.<\/span><\/p>\n<p>&#8211;\u00a0<span style=\"font-family: arial, helvetica, sans-serif; font-size: 14pt;\">Asimismo, nos encargamos de la entrega a domicilio, instalaci\u00f3n y retirada, en su caso, del electrodom\u00e9stico a substituir.<\/span><\/p>\n<p>&#8211; <span style=\"font-family: arial, helvetica, sans-serif; font-size: 14pt;\">Tambi\u00e9n damos la opci\u00f3n de una ampliaci\u00f3n de garant\u00eda<\/span><\/p>\n","protected":false},"excerpt":{"rendered":"<p>&#8211;\u00a0Ponemos a disposici\u00f3n de nuestros clientes un gran abanico de primeras marcas a los mejores precios y con la atenci\u00f3n m\u00e1s personalizada. En cualquier caso nos adaptamos a los deseos de nuestros clientes. Si te gusta otra marca o has visto un modelo concreto, no dudes en preguntarnos\u00a0por \u00e9l. &#8211;\u00a0Asimismo, \u2026 <a class=\"continue-reading-link\" href=\"http:\/\/vicentevaleromontanejos.com\/wp\/electrodomesticos\/\"> Continue reading <span class=\"meta-nav\">&rarr; <\/span><\/a><\/p>\n","protected":false},"author":1,"featured_media":0,"parent":0,"menu_order":3,"comment_status":"closed","ping_status":"open","template":"template-onecolumn.php","meta":[],"_links":{"self":[{"href":"http:\/\/vicentevaleromontanejos.com\/wp\/wp-json\/wp\/v2\/pages\/71"}],"collection":[{"href":"http:\/\/vicentevaleromontanejos.com\/wp\/wp-json\/wp\/v2\/pages"}],"about":[{"href":"http:\/\/vicentevaleromontanejos.com\/wp\/wp-json\/wp\/v2\/types\/page"}],"author":[{"embeddable":true,"href":"http:\/\/vicentevaleromontanejos.com\/wp\/wp-json\/wp\/v2\/users\/1"}],"replies":[{"embeddable":true,"href":"http:\/\/vicentevaleromontanejos.com\/wp\/wp-json\/wp\/v2\/comments?post=71"}],"version-history":[{"count":30,"href":"http:\/\/vicentevaleromontanejos.com\/wp\/wp-json\/wp\/v2\/pages\/71\/revisions"}],"predecessor-version":[{"id":1104,"href":"http:\/\/vicentevaleromontanejos.com\/wp\/wp-json\/wp\/v2\/pages\/71\/revisions\/1104"}],"wp:attachment":[{"href":"http:\/\/vicentevaleromontanejos.com\/wp\/wp-json\/wp\/v2\/media?parent=71"}],"curies":[{"name":"wp","href":"https:\/\/api.w.org\/{rel}","templated":true}]}}